{"id":3,"date":"2023-06-12T14:49:26","date_gmt":"2023-06-12T12:49:26","guid":{"rendered":"http:\/\/trvfkqq.cluster027.hosting.ovh.net\/?page_id=3"},"modified":"2025-02-21T15:47:11","modified_gmt":"2025-02-21T14:47:11","slug":"mentions-legales","status":"publish","type":"page","link":"https:\/\/www.hotel-restaurant-henri-4.fr\/en\/mentions-legales\/","title":{"rendered":"Legal notices and privacy policy"},"content":{"rendered":"<h2 class=\"wp-block-heading\">Editor<\/h2><p>Website <a href=\"http:\/\/www.https:\/nomdedomaine.fr\">www.https:\/\/hotel-restaurant-henri-4.fr<\/a> is published by the H\u00f4tel Restaurant Henri IV, a sole proprietorship, registered in the Eauze Trade and Companies Register under number 939 298 329 00011.<\/p><p>Head office: 1 place Saint-Taurin \u2013 32800 EAUZE<\/p><p>Telephone: 05.62.08.45.40<\/p><p>Email address: contact.henri4.eauze@gmail.com<\/p><p>The publication directors are: Mr and Mrs SIMONNETTO<\/p><h2 class=\"wp-block-heading\">Host<\/h2><p>The website is hosted by OVH, a simplified joint stock company with capital of 10,174,560 euros, registered in the Lille Trade and Companies Register under number 424 761 419.<\/p><p>Head office: 2 rue Kellermann \u2013 59100 \u2013 ROUBAIX<\/p><p>Telephone: 1007<\/p><h2 class=\"wp-block-heading\">Developer<\/h2><p>The website was developed by H-TIC, a limited liability company with capital of 1000 euros, registered in the Pau Trade and Companies Register under number 804 589 224.<\/p><p>Head office: 234 Route d\u2019Urdes \u2013 64370 \u2013 Castillon d\u2019Arthez<\/p><p>Telephone: 06 07 88 17 81<\/p><p>The Damalis website is subject to French law.<\/p><p>The user acknowledges having read these legal notices and undertakes to respect them.<\/p><h2 class=\"wp-block-heading\">Intellectual property<\/h2><p>The content of the website <a href=\"http:\/\/www.https:\/nomdedomaine.fr\">www.https:\/\/hotel-restaurant-henri-4.fr<\/a> (texts, images, videos, etc.) is the property of Hotel Restaurant Henri VI or its partners and is protected by French and international laws relating to intellectual property.<\/p><p>Any reproduction, representation, modification, publication, adaptation of all or part of the elements of the website, whatever the means or process used, is prohibited without prior written permission from (client company).<\/p><p>Website <a href=\"http:\/\/www.https:\/nom%20de%20domaine.fr\">www.https:\/\/hotel-restaurant-henri-4.fr<\/a> may contain hypertext links to other websites. H\u00f4tel Restaurant Henri IV has no means of controlling these sites and cannot be responsible for their content.<\/p><p>In the event of a dispute, an amicable solution will be sought before any legal action. Failing this, the French courts will have sole jurisdiction to resolve the dispute.<\/p><h2 class=\"wp-block-heading\">Cookie policy<\/h2><p>The website <a href=\"http:\/\/www.https:\/nom%20de%20domaine.fr\">www.https:\/\/hotel-restaurant-henri-4.fr<\/a> uses cookies to improve user experience and site performance. Cookies are small text files that are placed on your computer or mobile device when you visit our website. We use session cookies, which expire when you close your browser, and persistent cookies, which remain on your computer or mobile device until they expire or you delete them. The cookies we use do not collect personally identifiable information. By using our website, you consent to the use of cookies in accordance with our cookie policy. If you do not want cookies to be used, you can change your browser settings to disable cookies. Please note that this may affect the functioning of certain parts of the website.<\/p>","protected":false},"excerpt":{"rendered":"<p>Editeur Le site internet www.https:\/\/ hotel-restaurant-henri-4.fr est \u00e9dit\u00e9 par l\u2019H\u00f4tel Restaurant Henri IV, entreprise individuelle, immatricul\u00e9e au Registre du Commerce et des Soci\u00e9t\u00e9s [&hellip;]<\/p>","protected":false},"author":1,"featured_media":0,"parent":0,"menu_order":0,"comment_status":"closed","ping_status":"closed","template":"","meta":{"_seopress_robots_primary_cat":"","_seopress_titles_title":"","_seopress_titles_desc":"","_seopress_robots_index":"","site-sidebar-layout":"default","site-content-layout":"","ast-site-content-layout":"default","site-content-style":"default","site-sidebar-style":"default","ast-global-header-display":"","ast-banner-title-visibility":"","ast-main-header-display":"","ast-hfb-above-header-display":"","ast-hfb-below-header-display":"","ast-hfb-mobile-header-display":"","site-post-title":"","ast-breadcrumbs-content":"","ast-featured-img":"","footer-sml-layout":"","theme-transparent-header-meta":"","adv-header-id-meta":"","stick-header-meta":"","header-above-stick-meta":"","header-main-stick-meta":"","header-below-stick-meta":"","astra-migrate-meta-layouts":"set","ast-page-background-enabled":"default","ast-page-background-meta":{"desktop":{"background-color":"var(--ast-global-color-4)","background-image":"","background-repeat":"repeat","background-position":"center center","background-size":"auto","background-attachment":"scroll","background-type":"","background-media":"","overlay-type":"","overlay-color":"","overlay-opacity":"","overlay-gradient":""},"tablet":{"background-color":"","background-image":"","background-repeat":"repeat","background-position":"center center","background-size":"auto","background-attachment":"scroll","background-type":"","background-media":"","overlay-type":"","overlay-color":"","overlay-opacity":"","overlay-gradient":""},"mobile":{"background-color":"","background-image":"","background-repeat":"repeat","background-position":"center center","background-size":"auto","background-attachment":"scroll","background-type":"","background-media":"","overlay-type":"","overlay-color":"","overlay-opacity":"","overlay-gradient":""}},"ast-content-background-meta":{"desktop":{"background-color":"var(--ast-global-color-5)","background-image":"","background-repeat":"repeat","background-position":"center center","background-size":"auto","background-attachment":"scroll","background-type":"","background-media":"","overlay-type":"","overlay-color":"","overlay-opacity":"","overlay-gradient":""},"tablet":{"background-color":"var(--ast-global-color-5)","background-image":"","background-repeat":"repeat","background-position":"center center","background-size":"auto","background-attachment":"scroll","background-type":"","background-media":"","overlay-type":"","overlay-color":"","overlay-opacity":"","overlay-gradient":""},"mobile":{"background-color":"var(--ast-global-color-5)","background-image":"","background-repeat":"repeat","background-position":"center center","background-size":"auto","background-attachment":"scroll","background-type":"","background-media":"","overlay-type":"","overlay-color":"","overlay-opacity":"","overlay-gradient":""}},"footnotes":""},"class_list":["post-3","page","type-page","status-publish","hentry"],"_links":{"self":[{"href":"https:\/\/www.hotel-restaurant-henri-4.fr\/en\/wp-json\/wp\/v2\/pages\/3","targetHints":{"allow":["GET"]}}],"collection":[{"href":"https:\/\/www.hotel-restaurant-henri-4.fr\/en\/wp-json\/wp\/v2\/pages"}],"about":[{"href":"https:\/\/www.hotel-restaurant-henri-4.fr\/en\/wp-json\/wp\/v2\/types\/page"}],"author":[{"embeddable":true,"href":"https:\/\/www.hotel-restaurant-henri-4.fr\/en\/wp-json\/wp\/v2\/users\/1"}],"replies":[{"embeddable":true,"href":"https:\/\/www.hotel-restaurant-henri-4.fr\/en\/wp-json\/wp\/v2\/comments?post=3"}],"version-history":[{"count":1,"href":"https:\/\/www.hotel-restaurant-henri-4.fr\/en\/wp-json\/wp\/v2\/pages\/3\/revisions"}],"predecessor-version":[{"id":8731,"href":"https:\/\/www.hotel-restaurant-henri-4.fr\/en\/wp-json\/wp\/v2\/pages\/3\/revisions\/8731"}],"wp:attachment":[{"href":"https:\/\/www.hotel-restaurant-henri-4.fr\/en\/wp-json\/wp\/v2\/media?parent=3"}],"curies":[{"name":"wp","href":"https:\/\/api.w.org\/{rel}","templated":true}]}}